{"id":2,"date":"2019-07-08T21:06:02","date_gmt":"2019-07-08T19:06:02","guid":{"rendered":"https:\/\/www.asatru.network\/?page_id=2"},"modified":"2025-01-12T20:37:50","modified_gmt":"2025-01-12T19:37:50","slug":"beispiel-seite","status":"publish","type":"page","link":"https:\/\/www.asatru.network\/","title":{"rendered":"Willkommen"},"content":{"rendered":"<div class=\"wp-block-image\">\n<figure class=\"aligncenter size-medium\"><img loading=\"lazy\" decoding=\"async\" width=\"261\" height=\"300\" src=\"https:\/\/www.asatru.network\/wp-content\/uploads\/2020\/03\/Eidring-Skizze_transparent-261x300.png\" alt=\"\" class=\"wp-image-226\" srcset=\"https:\/\/www.asatru.network\/wp-content\/uploads\/2020\/03\/Eidring-Skizze_transparent-261x300.png 261w, https:\/\/www.asatru.network\/wp-content\/uploads\/2020\/03\/Eidring-Skizze_transparent-890x1024.png 890w, https:\/\/www.asatru.network\/wp-content\/uploads\/2020\/03\/Eidring-Skizze_transparent-768x884.png 768w, https:\/\/www.asatru.network\/wp-content\/uploads\/2020\/03\/Eidring-Skizze_transparent-1335x1536.png 1335w, https:\/\/www.asatru.network\/wp-content\/uploads\/2020\/03\/Eidring-Skizze_transparent-1780x2048.png 1780w, https:\/\/www.asatru.network\/wp-content\/uploads\/2020\/03\/Eidring-Skizze_transparent.png 1870w\" sizes=\"auto, (max-width: 261px) 100vw, 261px\" \/><\/figure>\n<\/div>\n\n\n<p class=\"has-drop-cap\">Willkommen auf meinem Blog <strong>Asatru Network<\/strong>. Ein Ort f\u00fcr alle, die sich f\u00fcr die germanisch-nordische Mythologie, heidnische Spiritualit\u00e4t und die Weisheit unserer Vorfahren begeistern. Hier erkunden wir die alten G\u00f6tter und G\u00f6ttinnen, die Runen, Rituale und Jahreskreisfeste, die das Fundament des heutigen Heidentums bilden. Es lassen sich praktische Ideen entdecken, wie du Asatru in deinem Alltag leben kannst &nbsp;&#8211; und Inspiration finden, wie sich diese Tradition mit pers\u00f6nlicher Naturverbundenheit vereinen l\u00e4sst. Sei dabei, wenn wir die Wurzeln unserer Kultur ehren und eine spirituelle Reise beginnen, die so alt ist wie die Zeit selbst.<\/p>\n\n\n\n<p>Asatru Network konzentriert sich auf den Praxisbezug. \u00dcber diesen Blog lasse ich Ideen, Gedanken oder neue Ans\u00e4tze einflie\u00dfen, die oft in eine tiefere Besch\u00e4ftigung mit einem speziellen Thema m\u00fcnden. Denn ich blicke nicht aus der rekonstruktiven Richtung. Mir geht es nicht um museale Restaurierung vorchristlicher Artefakte, sondern um ein lebendiges Erleben. In den Blogbeitr\u00e4gen wird dies deutlich.<\/p>\n\n\n\n<p>Wer sich dar\u00fcber hinaus ausf\u00fchrlicher mit den zugrunde liegenden Vorstellungen der Alten Sitte besch\u00e4ftigen m\u00f6chte, findet auf <a aria-label=\"Asentr.eu (opens in a new tab)\" href=\"https:\/\/www.asentr.eu\/\" target=\"_blank\" rel=\"noreferrer noopener\">Asentr.eu<\/a> ein reichhaltiges Informationsangebot. Die praxisbezogene Grundlagenarbeit ist sicher immer der richtige Schritt. Ganz in diesem Sinne stehen Asatru Network und Asentr.eu im direkten Verh\u00e4ltnis zueinander und k\u00f6nnen als Grundstein f\u00fcr den Prozess der pers\u00f6nlichen Wegfindung und rituellen Aus\u00fcbung genutzt werden.<\/p>\n\n\n\n<p><strong>Asatru Network als flexibles Rahmenwerk f\u00fcr den eigenen Weg nutzen<\/strong>: Dar\u00fcber hinaus ist dieser Blog eine Einladung, Asatru nicht nur als Glaubenssystem, sondern als ein lebendiges Rahmenwerk zu entdecken, das einem hilft, deinen eigenen Weg zu gestalten. Die germanisch-nordische Mythologie, die Weisheit der G\u00f6tter und die Verbindung zur Natur bieten Werkzeuge und Inspiration, um deine pers\u00f6nliche Spiritualit\u00e4t zu vertiefen. Egal, ob du Rituale gestalten, die Runen erkunden oder die Werte von Ehre, Mut und Gemeinschaft in deinem Alltag anwenden m\u00f6chtest \u2013 hier findest du praktische Ans\u00e4tze und tiefe Einsichten. Asatru ist kein starrer Pfad, sondern eine Reise, die du selbst definierst. Lass uns diese alte Tradition mit neuem Leben f\u00fcllen.<\/p>\n\n\n<div class=\"wp-block-image\">\n<figure class=\"aligncenter size-full\"><img loading=\"lazy\" decoding=\"async\" width=\"485\" height=\"632\" src=\"https:\/\/www.asatru.network\/wp-content\/uploads\/2021\/01\/asetro6.jpg\" alt=\"\" class=\"wp-image-511\" srcset=\"https:\/\/www.asatru.network\/wp-content\/uploads\/2021\/01\/asetro6.jpg 485w, https:\/\/www.asatru.network\/wp-content\/uploads\/2021\/01\/asetro6-230x300.jpg 230w\" sizes=\"auto, (max-width: 485px) 100vw, 485px\" \/><\/figure>\n<\/div>","protected":false},"excerpt":{"rendered":"<p>Willkommen auf meinem Blog Asatru Network. Ein Ort f\u00fcr alle, die sich f\u00fcr die germanisch-nordische Mythologie, heidnische Spiritualit\u00e4t und die Weisheit unserer Vorfahren begeistern. Hier erkunden wir die alten G\u00f6tter und G\u00f6ttinnen, die Runen, Rituale und Jahreskreisfeste, die das Fundament des heutigen Heidentums bilden. Es lassen sich praktische Ideen entdecken, wie du Asatru in deinem &hellip; <\/p>\n<p class=\"link-more\"><a href=\"https:\/\/www.asatru.network\/\" class=\"more-link\"><span class=\"screen-reader-text\">\u201eWillkommen\u201c <\/span>weiterlesen<\/a><\/p>\n","protected":false},"author":1,"featured_media":0,"parent":0,"menu_order":0,"comment_status":"closed","ping_status":"open","template":"","meta":{"footnotes":""},"class_list":["post-2","page","type-page","status-publish","hentry"],"_links":{"self":[{"href":"https:\/\/www.asatru.network\/index.php?rest_route=\/wp\/v2\/pages\/2","targetHints":{"allow":["GET"]}}],"collection":[{"href":"https:\/\/www.asatru.network\/index.php?rest_route=\/wp\/v2\/pages"}],"about":[{"href":"https:\/\/www.asatru.network\/index.php?rest_route=\/wp\/v2\/types\/page"}],"author":[{"embeddable":true,"href":"https:\/\/www.asatru.network\/index.php?rest_route=\/wp\/v2\/users\/1"}],"replies":[{"embeddable":true,"href":"https:\/\/www.asatru.network\/index.php?rest_route=%2Fwp%2Fv2%2Fcomments&post=2"}],"version-history":[{"count":25,"href":"https:\/\/www.asatru.network\/index.php?rest_route=\/wp\/v2\/pages\/2\/revisions"}],"predecessor-version":[{"id":1044,"href":"https:\/\/www.asatru.network\/index.php?rest_route=\/wp\/v2\/pages\/2\/revisions\/1044"}],"wp:attachment":[{"href":"https:\/\/www.asatru.network\/index.php?rest_route=%2Fwp%2Fv2%2Fmedia&parent=2"}],"curies":[{"name":"wp","href":"https:\/\/api.w.org\/{rel}","templated":true}]}}